{"id":7947,"date":"2026-02-25T21:47:55","date_gmt":"2026-02-25T20:47:55","guid":{"rendered":"https:\/\/cafe-blomen.com\/minigolf\/?page_id=7947"},"modified":"2026-02-25T21:48:21","modified_gmt":"2026-02-25T20:48:21","slug":"home-2","status":"publish","type":"page","link":"https:\/\/cafe-blomen.com\/minigolf\/","title":{"rendered":"Home"},"content":{"rendered":"\t\t<div data-elementor-type=\"wp-page\" data-elementor-id=\"7947\" class=\"elementor elementor-7947\">\n\t\t\t\t<div class=\"elementor-element elementor-element-2b15793 e-con-full e-flex e-con e-parent\" data-id=\"2b15793\" data-element_type=\"container\" data-settings=\"{&quot;background_background&quot;:&quot;classic&quot;}\" data-core-v316-plus=\"true\">\n\t\t<div class=\"elementor-element elementor-element-d7e6a6d e-con-full e-flex e-con e-child\" data-id=\"d7e6a6d\" data-element_type=\"container\" data-settings=\"{&quot;background_background&quot;:&quot;classic&quot;}\">\n\t\t\t\t<div class=\"elementor-element elementor-element-887959d elementor-widget elementor-widget-beurre_core_section_title\" data-id=\"887959d\" data-element_type=\"widget\" data-widget_type=\"beurre_core_section_title.default\">\n\t\t\t\t<div class=\"elementor-widget-container\">\n\t\t\t<div class=\"qodef-shortcode qodef-m  qodef-section-title qodef-alignment--left  \">\n\t\t<span class=\"qodef-m-tagline\">Reservieren<\/span>\n\t\t<h2 class=\"qodef-m-title\" style=\"color: #1D5E2A\">\n\t\t\t\t\tMinigolf\t\t\t<\/h2>\n\t<\/div>\n\t\t<\/div>\n\t\t\t\t<\/div>\n\t\t\t\t<div class=\"elementor-element elementor-element-8340f23 elementor-widget__width-inherit elementor-widget elementor-widget-stepbooking\" data-id=\"8340f23\" data-element_type=\"widget\" data-widget_type=\"stepbooking.default\">\n\t\t\t\t<div class=\"elementor-widget-container\">\n\t\t\t\n<script>\n  if (typeof hasAmeliaEntitiesApiCall === 'undefined' && ('' === '' && '' !== '1')) {\n    var hasAmeliaEntitiesApiCall = true;\n  }\n  var ameliaShortcodeData = (typeof ameliaShortcodeData === 'undefined') ? [] : ameliaShortcodeData;\n  ameliaShortcodeData.push(\n    {\n      'hasApiCall': (typeof hasAmeliaEntitiesApiCall !== 'undefined') && hasAmeliaEntitiesApiCall,\n      'trigger': '',\n      'trigger_type': '',\n      'triggered_form': 'sbsNew',\n      'in_dialog': '',\n      'show': '',\n      'counter': '1000',\n      'category': '',\n      'service': '',\n      'employee': '',\n      'location': '',\n      'package': '',\n      'layout': '1',\n    }\n  );\n\n  var ameliaShortcodeDataTriggered = (typeof ameliaShortcodeDataTriggered === 'undefined') ? [] : ameliaShortcodeDataTriggered;\n  if (ameliaShortcodeData[ameliaShortcodeData.length - 1].trigger !== '') {\n    if (ameliaShortcodeDataTriggered.filter(a => a.counter === ameliaShortcodeData[ameliaShortcodeData.length - 1].counter).length === 0) {\n      ameliaShortcodeDataTriggered.push(ameliaShortcodeData.pop());\n    } else {\n      ameliaShortcodeData.pop()\n    }\n  }\n  if (typeof hasAmeliaEntitiesApiCall !== 'undefined' && hasAmeliaEntitiesApiCall) {\n    hasAmeliaEntitiesApiCall = false;\n  }\n<\/script>\n\n<div\n  id=\"amelia-v2-booking-1000\"\n  class=\"amelia-v2-booking\"\n >\n    <step-form-wrapper><\/step-form-wrapper><\/div>\n\t\t<\/div>\n\t\t\t\t<\/div>\n\t\t\t\t<div class=\"elementor-element elementor-element-b7370f1 elementor-widget elementor-widget-text-editor\" data-id=\"b7370f1\" data-element_type=\"widget\" data-widget_type=\"text-editor.default\">\n\t\t\t\t<div class=\"elementor-widget-container\">\n\t\t\t<style>\/*! elementor - v3.20.0 - 26-03-2024 *\/\n.elementor-widget-text-editor.elementor-drop-cap-view-stacked .elementor-drop-cap{background-color:#69727d;color:#fff}.elementor-widget-text-editor.elementor-drop-cap-view-framed .elementor-drop-cap{color:#69727d;border:3px solid;background-color:transparent}.elementor-widget-text-editor:not(.elementor-drop-cap-view-default) .elementor-drop-cap{margin-top:8px}.elementor-widget-text-editor:not(.elementor-drop-cap-view-default) .elementor-drop-cap-letter{width:1em;height:1em}.elementor-widget-text-editor .elementor-drop-cap{float:left;text-align:center;line-height:1;font-size:50px}.elementor-widget-text-editor .elementor-drop-cap-letter{display:inline-block}<\/style>\t\t\t\t<p>Ab 12 Personen nutzen Sie bitte die <a href=\"#\">Anfrage f\u00fcr gr\u00f6\u00dfere Gruppen<\/a><\/p>\t\t\t\t\t\t<\/div>\n\t\t\t\t<\/div>\n\t\t\t\t<\/div>\n\t\t\t\t<\/div>\n\t\t\t\t<section class=\"elementor-section elementor-top-section elementor-element elementor-element-542d193 elementor-section-full_width elementor-section-height-default elementor-section-height-default qodef-elementor-content-no\" data-id=\"542d193\" data-element_type=\"section\">\n\t\t\t\t\t\t<div class=\"elementor-container elementor-column-gap-default\">\n\t\t\t\t\t<div class=\"elementor-column elementor-col-100 elementor-top-column elementor-element elementor-element-fda9931\" data-id=\"fda9931\" data-element_type=\"column\">\n\t\t\t<div class=\"elementor-widget-wrap elementor-element-populated\">\n\t\t\t\t\t\t<div class=\"elementor-element elementor-element-02599ab elementor-widget elementor-widget-beurre_core_custom_font\" data-id=\"02599ab\" data-element_type=\"widget\" data-widget_type=\"beurre_core_custom_font.default\">\n\t\t\t\t<div class=\"elementor-widget-container\">\n\t\t\t<p class=\"qodef-shortcode qodef-m  qodef-custom-font qodef-custom-font-833 qodef-layout--simple  \" style=\"color: #1D5E2A;font-family: Cormorant Infant;font-size: 25px;line-height: 40px;font-weight: 500\">Willkommen beim Minigolf by Caf\u00e9 Blomen! Wir laden dich ein, eine unterhaltsame\nZeit auf unserer Minigolfanlage zu verbringen. Komm vorbei und genie\u00dfe eine Runde\nmit deinen Freunden oder der Familie!<\/p>\n\t\t<\/div>\n\t\t\t\t<\/div>\n\t\t\t\t<div class=\"elementor-element elementor-element-b7af616 elementor-widget elementor-widget-beurre_core_separator\" data-id=\"b7af616\" data-element_type=\"widget\" data-widget_type=\"beurre_core_separator.default\">\n\t\t\t\t<div class=\"elementor-widget-container\">\n\t\t\t<div class=\"qodef-shortcode qodef-m  qodef-separator clear  \">\n\t<div class=\"qodef-m-line\" style=\"border-color: #000000;width: 120px;border-bottom-width: 1px\"><\/div>\n<\/div>\n\t\t<\/div>\n\t\t\t\t<\/div>\n\t\t\t\t\t<\/div>\n\t\t<\/div>\n\t\t\t\t\t<\/div>\n\t\t<\/section>\n\t\t\t\t<section class=\"elementor-section elementor-top-section elementor-element elementor-element-0372ebc elementor-section-full_width elementor-section-height-default elementor-section-height-default qodef-elementor-content-no\" data-id=\"0372ebc\" data-element_type=\"section\" data-settings=\"{&quot;background_background&quot;:&quot;classic&quot;}\">\n\t\t\t\t\t\t<div class=\"elementor-container elementor-column-gap-no\">\n\t\t\t\t\t<div class=\"elementor-column elementor-col-50 elementor-top-column elementor-element elementor-element-f0e63be\" data-id=\"f0e63be\" data-element_type=\"column\" data-settings=\"{&quot;background_background&quot;:&quot;classic&quot;}\">\n\t\t\t<div class=\"elementor-widget-wrap elementor-element-populated\">\n\t\t\t\t\t\t<div class=\"elementor-element elementor-element-9d3102d elementor-widget elementor-widget-beurre_core_section_title\" data-id=\"9d3102d\" data-element_type=\"widget\" data-widget_type=\"beurre_core_section_title.default\">\n\t\t\t\t<div class=\"elementor-widget-container\">\n\t\t\t<div class=\"qodef-shortcode qodef-m  qodef-section-title qodef-alignment--left  \">\n\t\t<span class=\"qodef-m-tagline\">Spa\u00df f\u00fcr gro\u00df und klein<\/span>\n\t\t<h3 class=\"qodef-m-title\" style=\"color: #1D5E2A\">\n\t\t\t\t\tMinigolf by Caf\u00e9 Blomen\t\t\t<\/h3>\n\t<\/div>\n\t\t<\/div>\n\t\t\t\t<\/div>\n\t\t\t\t<section class=\"elementor-section elementor-inner-section elementor-element elementor-element-8bc65dc elementor-section-content-top elementor-section-boxed elementor-section-height-default elementor-section-height-default qodef-elementor-content-no\" data-id=\"8bc65dc\" data-element_type=\"section\">\n\t\t\t\t\t\t<div class=\"elementor-container elementor-column-gap-default\">\n\t\t\t\t\t<div class=\"elementor-column elementor-col-100 elementor-inner-column elementor-element elementor-element-739af4c\" data-id=\"739af4c\" data-element_type=\"column\">\n\t\t\t<div class=\"elementor-widget-wrap elementor-element-populated\">\n\t\t\t\t\t\t<div class=\"elementor-element elementor-element-f84ef40 elementor-widget elementor-widget-text-editor\" data-id=\"f84ef40\" data-element_type=\"widget\" data-widget_type=\"text-editor.default\">\n\t\t\t\t<div class=\"elementor-widget-container\">\n\t\t\t\t\t\t\t<p>Beim Minigolf by Caf\u00e9 Blomen steht purer Spa\u00df und Abenteuer im Mittelpunkt! Erlebe eine aufregende Herausforderung auf unserer einzigartigen Minigolfanlage, die mit kreativen Hindernissen auf dich wartet.<\/p><p>Unabh\u00e4ngig davon, ob du ein Anf\u00e4nger oder ein erfahrener Spieler bist, bei uns ist f\u00fcr jeden etwas dabei. Tauche ein in die faszinierende Welt des Minigolfs und genie\u00dfe unterhaltsame Momente mit deinen Liebsten im malerischen Planten un Blomen Park.<\/p><p>Reservierungen f\u00fcr g\u00f6\u00dfere Gruppen und (Firmen-)Events nehmen wir gerne <a href=\"mailto:minigolf@cafe-blomen.com\"><span style=\"text-decoration: underline;\">per Mail<\/span>\u00a0<\/a>entgegen.\u00a0<\/p>\t\t\t\t\t\t<\/div>\n\t\t\t\t<\/div>\n\t\t\t\t<div class=\"elementor-element elementor-element-462b5d9 elementor-widget elementor-widget-beurre_core_button\" data-id=\"462b5d9\" data-element_type=\"widget\" data-widget_type=\"beurre_core_button.default\">\n\t\t\t\t<div class=\"elementor-widget-container\">\n\t\t\t<a class=\"qodef-shortcode qodef-m  qodef-button qodef-layout--ellipse  qodef-html--link\" href=\"\/ueber-uns\" target=\"_self\" data-hover-color=\"#519970\" >\n    <span class=\"qodef-m-text\">Reservieren<\/span>\n    <span class=\"qodef-e-ellipse qodef-button\"  style=\"--qode-button-ellipse-color: #2F5637;--qode-button-ellipse-hover-color: #58B982\">\n        <svg class=\"qodef-svg--btn-ellipse qodef-btn-ellipse\" xmlns=\"http:\/\/www.w3.org\/2000\/svg\" xmlns:xlink=\"http:\/\/www.w3.org\/1999\/xlink\" x=\"0px\"\r\n     y=\"0px\" width=\"200px\" height=\"120.83px\" viewBox=\"0 0 200 120.83\" enable-background=\"new 0 0 200 120.83\" xml:space=\"preserve\"><ellipse transform=\"matrix(0.9597 -0.2811 0.2811 0.9597 -12.9951 30.6042)\" fill=\"none\" stroke=\"currentColor\" stroke-miterlimit=\"10\" cx=\"100.17\" cy=\"60.6\" rx=\"102.15\" ry=\"54.27\"><\/ellipse><ellipse transform=\"matrix(0.9597 -0.2811 0.2811 0.9597 -12.9951 30.6042)\" fill=\"none\" stroke=\"currentColor\" stroke-miterlimit=\"10\" cx=\"100.17\" cy=\"60.6\" rx=\"102.15\" ry=\"54.27\"><\/ellipse><\/svg>    <\/span>\n<\/a>\n\t\t<\/div>\n\t\t\t\t<\/div>\n\t\t\t\t\t<\/div>\n\t\t<\/div>\n\t\t\t\t\t<\/div>\n\t\t<\/section>\n\t\t\t\t\t<\/div>\n\t\t<\/div>\n\t\t\t\t<div class=\"elementor-column elementor-col-50 elementor-top-column elementor-element elementor-element-f6400a9\" data-id=\"f6400a9\" data-element_type=\"column\" data-settings=\"{&quot;background_background&quot;:&quot;classic&quot;}\">\n\t\t\t<div class=\"elementor-widget-wrap elementor-element-populated\">\n\t\t\t\t\t\t<div class=\"elementor-element elementor-element-ba1fea1 elementor-widget elementor-widget-beurre_core_section_title\" data-id=\"ba1fea1\" data-element_type=\"widget\" data-widget_type=\"beurre_core_section_title.default\">\n\t\t\t\t<div class=\"elementor-widget-container\">\n\t\t\t<div class=\"qodef-shortcode qodef-m  qodef-section-title qodef-alignment--left  \">\n\t\t\t<\/div>\n\t\t<\/div>\n\t\t\t\t<\/div>\n\t\t\t\t\t<\/div>\n\t\t<\/div>\n\t\t\t\t\t<\/div>\n\t\t<\/section>\n\t\t<div class=\"elementor-element elementor-element-04a5f8a e-flex e-con-boxed e-con e-parent\" data-id=\"04a5f8a\" data-element_type=\"container\" data-core-v316-plus=\"true\">\n\t\t\t\t\t<div class=\"e-con-inner\">\n\t\t\t\t<div class=\"elementor-element elementor-element-d7aba40 elementor-widget elementor-widget-beurre_core_section_title\" data-id=\"d7aba40\" data-element_type=\"widget\" data-widget_type=\"beurre_core_section_title.default\">\n\t\t\t\t<div class=\"elementor-widget-container\">\n\t\t\t<div class=\"qodef-shortcode qodef-m  qodef-section-title qodef-alignment--left  \">\n\t\t\t<h3 class=\"qodef-m-title\" style=\"color: #1D5E2A\">\n\t\t\t\t\tWann und wo?\t\t\t<\/h3>\n\t<\/div>\n\t\t<\/div>\n\t\t\t\t<\/div>\n\t\t\t\t\t<\/div>\n\t\t\t\t<\/div>\n\t\t\t\t<section class=\"elementor-section elementor-top-section elementor-element elementor-element-25c8bc9 elementor-section-full_width qodef-elementor-content-grid elementor-section-height-default elementor-section-height-default\" data-id=\"25c8bc9\" data-element_type=\"section\">\n\t\t\t\t\t\t<div class=\"elementor-container elementor-column-gap-default\">\n\t\t\t\t\t<div class=\"elementor-column elementor-col-33 elementor-top-column elementor-element elementor-element-ed7396f\" data-id=\"ed7396f\" data-element_type=\"column\">\n\t\t\t<div class=\"elementor-widget-wrap elementor-element-populated\">\n\t\t\t\t\t\t<div class=\"elementor-element elementor-element-222f380 elementor-widget elementor-widget-text-editor\" data-id=\"222f380\" data-element_type=\"widget\" data-widget_type=\"text-editor.default\">\n\t\t\t\t<div class=\"elementor-widget-container\">\n\t\t\t\t\t\t\t<h5>Montag &#8211; Sonntag<\/h5><h6>10:00 &#8211; 20:00 UhR<\/h6><p><strong>Letzter Einlass 18:30 Uhr<\/strong><\/p><p>An Feiertagen ge\u00f6ffnet.<\/p><p>Bei Unwetter und starkem Regen geschlossen.<\/p>\t\t\t\t\t\t<\/div>\n\t\t\t\t<\/div>\n\t\t\t\t\t<\/div>\n\t\t<\/div>\n\t\t\t\t<div class=\"elementor-column elementor-col-33 elementor-top-column elementor-element elementor-element-9c64c56\" data-id=\"9c64c56\" data-element_type=\"column\">\n\t\t\t<div class=\"elementor-widget-wrap elementor-element-populated\">\n\t\t\t\t\t\t<div class=\"elementor-element elementor-element-78d283e elementor-widget elementor-widget-image\" data-id=\"78d283e\" data-element_type=\"widget\" data-widget_type=\"image.default\">\n\t\t\t\t<div class=\"elementor-widget-container\">\n\t\t\t<style>\/*! elementor - v3.20.0 - 26-03-2024 *\/\n.elementor-widget-image{text-align:center}.elementor-widget-image a{display:inline-block}.elementor-widget-image a img[src$=\".svg\"]{width:48px}.elementor-widget-image img{vertical-align:middle;display:inline-block}<\/style>\t\t\t\t\t\t\t\t\t\t<img fetchpriority=\"high\" decoding=\"async\" width=\"700\" height=\"1024\" src=\"https:\/\/cafe-blomen.com\/minigolf\/wp-content\/uploads\/2024\/03\/DALL\u00b7E-2024-03-29-09.34.25-700x1024.png\" class=\"attachment-large size-large wp-image-7469\" alt=\"\" srcset=\"https:\/\/cafe-blomen.com\/minigolf\/wp-content\/uploads\/2024\/03\/DALL\u00b7E-2024-03-29-09.34.25-700x1024.png 700w, https:\/\/cafe-blomen.com\/minigolf\/wp-content\/uploads\/2024\/03\/DALL\u00b7E-2024-03-29-09.34.25-205x300.png 205w, https:\/\/cafe-blomen.com\/minigolf\/wp-content\/uploads\/2024\/03\/DALL\u00b7E-2024-03-29-09.34.25-768x1124.png 768w, https:\/\/cafe-blomen.com\/minigolf\/wp-content\/uploads\/2024\/03\/DALL\u00b7E-2024-03-29-09.34.25.png 1021w\" sizes=\"(max-width: 700px) 100vw, 700px\" \/>\t\t\t\t\t\t\t\t\t\t\t\t\t<\/div>\n\t\t\t\t<\/div>\n\t\t\t\t\t<\/div>\n\t\t<\/div>\n\t\t\t\t<div class=\"elementor-column elementor-col-33 elementor-top-column elementor-element elementor-element-defe0e2\" data-id=\"defe0e2\" data-element_type=\"column\">\n\t\t\t<div class=\"elementor-widget-wrap elementor-element-populated\">\n\t\t\t\t\t\t<div class=\"elementor-element elementor-element-18c9a6e elementor-widget elementor-widget-text-editor\" data-id=\"18c9a6e\" data-element_type=\"widget\" data-widget_type=\"text-editor.default\">\n\t\t\t\t<div class=\"elementor-widget-container\">\n\t\t\t\t\t\t\t<h5>Adresse<\/h5><p>Planten un Blomen<br \/>Glacichaussee 4<br \/>20359 Hamburg<\/p><h5>E-Mail<\/h5><p><a href=\"mailto:minigolf@cafe-blomen.com\">minigolf@cafe-blomen.com<\/a><\/p>\t\t\t\t\t\t<\/div>\n\t\t\t\t<\/div>\n\t\t\t\t\t<\/div>\n\t\t<\/div>\n\t\t\t\t\t<\/div>\n\t\t<\/section>\n\t\t<div class=\"elementor-element elementor-element-7c3f1e4 e-con-full e-flex e-con e-parent\" data-id=\"7c3f1e4\" data-element_type=\"container\" data-core-v316-plus=\"true\">\n\t\t<div class=\"elementor-element elementor-element-f7bf639 e-con-full e-flex e-con e-child\" data-id=\"f7bf639\" data-element_type=\"container\" data-settings=\"{&quot;background_background&quot;:&quot;classic&quot;}\">\n\t\t\t\t<div class=\"elementor-element elementor-element-1adc447 elementor-widget elementor-widget-google_maps\" data-id=\"1adc447\" data-element_type=\"widget\" data-widget_type=\"google_maps.default\">\n\t\t\t\t<div class=\"elementor-widget-container\">\n\t\t\t<style>\/*! elementor - v3.20.0 - 26-03-2024 *\/\n.elementor-widget-google_maps .elementor-widget-container{overflow:hidden}.elementor-widget-google_maps .elementor-custom-embed{line-height:0}.elementor-widget-google_maps iframe{height:300px}<\/style>\t\t<div class=\"elementor-custom-embed\">\n\t\t\t<iframe loading=\"lazy\"\n\t\t\t\t\tsrc=\"https:\/\/maps.google.com\/maps?q=Glacischaussee%2020359%20Hamburg&#038;t=m&#038;z=16&#038;output=embed&#038;iwloc=near\"\n\t\t\t\t\ttitle=\"Glacischaussee 20359 Hamburg\"\n\t\t\t\t\taria-label=\"Glacischaussee 20359 Hamburg\"\n\t\t\t><\/iframe>\n\t\t<\/div>\n\t\t\t\t<\/div>\n\t\t\t\t<\/div>\n\t\t\t\t<\/div>\n\t\t<div class=\"elementor-element elementor-element-6a613b3 e-con-full e-flex e-con e-child\" data-id=\"6a613b3\" data-element_type=\"container\" data-settings=\"{&quot;background_background&quot;:&quot;classic&quot;}\">\n\t\t\t\t<div class=\"elementor-element elementor-element-0f2a4a3 elementor-widget elementor-widget-image\" data-id=\"0f2a4a3\" data-element_type=\"widget\" data-widget_type=\"image.default\">\n\t\t\t\t<div class=\"elementor-widget-container\">\n\t\t\t\t\t\t\t\t\t\t\t\t\t<img decoding=\"async\" width=\"768\" height=\"264\" src=\"https:\/\/cafe-blomen.com\/minigolf\/wp-content\/uploads\/2024\/03\/cafe-blomen-logo-768x264.png\" class=\"attachment-medium_large size-medium_large wp-image-7285\" alt=\"\" srcset=\"https:\/\/cafe-blomen.com\/minigolf\/wp-content\/uploads\/2024\/03\/cafe-blomen-logo-768x264.png 768w, https:\/\/cafe-blomen.com\/minigolf\/wp-content\/uploads\/2024\/03\/cafe-blomen-logo-300x103.png 300w, https:\/\/cafe-blomen.com\/minigolf\/wp-content\/uploads\/2024\/03\/cafe-blomen-logo-600x206.png 600w, https:\/\/cafe-blomen.com\/minigolf\/wp-content\/uploads\/2024\/03\/cafe-blomen-logo.png 775w\" sizes=\"(max-width: 768px) 100vw, 768px\" \/>\t\t\t\t\t\t\t\t\t\t\t\t\t<\/div>\n\t\t\t\t<\/div>\n\t\t\t\t<div class=\"elementor-element elementor-element-ea810c0 elementor-widget elementor-widget-text-editor\" data-id=\"ea810c0\" data-element_type=\"widget\" data-widget_type=\"text-editor.default\">\n\t\t\t\t<div class=\"elementor-widget-container\">\n\t\t\t\t\t\t\t<p>Barista Kaffee im sch\u00f6nsten Park der Stadt genie\u00dfen: Bei uns gibt es hochwertigen Kaffee leckeren Kuchen und ausgew\u00e4hlte regionale Drinks<\/p>\t\t\t\t\t\t<\/div>\n\t\t\t\t<\/div>\n\t\t\t\t<div class=\"elementor-element elementor-element-d54087b elementor-widget elementor-widget-beurre_core_button\" data-id=\"d54087b\" data-element_type=\"widget\" data-widget_type=\"beurre_core_button.default\">\n\t\t\t\t<div class=\"elementor-widget-container\">\n\t\t\t<a class=\"qodef-shortcode qodef-m  qodef-button qodef-layout--ellipse  qodef-html--link\" href=\"https:\/\/cafe-blomen.com\/\" target=\"_self\" data-hover-color=\"#519970\" >\n    <span class=\"qodef-m-text\">Zum Caf\u00e9 Blomen<\/span>\n    <span class=\"qodef-e-ellipse qodef-button\"  style=\"--qode-button-ellipse-color: #2F5637;--qode-button-ellipse-hover-color: #58B982\">\n        <svg class=\"qodef-svg--btn-ellipse qodef-btn-ellipse\" xmlns=\"http:\/\/www.w3.org\/2000\/svg\" xmlns:xlink=\"http:\/\/www.w3.org\/1999\/xlink\" x=\"0px\"\r\n     y=\"0px\" width=\"200px\" height=\"120.83px\" viewBox=\"0 0 200 120.83\" enable-background=\"new 0 0 200 120.83\" xml:space=\"preserve\"><ellipse transform=\"matrix(0.9597 -0.2811 0.2811 0.9597 -12.9951 30.6042)\" fill=\"none\" stroke=\"currentColor\" stroke-miterlimit=\"10\" cx=\"100.17\" cy=\"60.6\" rx=\"102.15\" ry=\"54.27\"><\/ellipse><ellipse transform=\"matrix(0.9597 -0.2811 0.2811 0.9597 -12.9951 30.6042)\" fill=\"none\" stroke=\"currentColor\" stroke-miterlimit=\"10\" cx=\"100.17\" cy=\"60.6\" rx=\"102.15\" ry=\"54.27\"><\/ellipse><\/svg>    <\/span>\n<\/a>\n\t\t<\/div>\n\t\t\t\t<\/div>\n\t\t\t\t<\/div>\n\t\t\t\t<\/div>\n\t\t\t\t<\/div>\n\t\t","protected":false},"excerpt":{"rendered":"<p>Reservieren Minigolf Ab 12 Personen nutzen Sie bitte die Anfrage f\u00fcr gr\u00f6\u00dfere Gruppen Willkommen beim Minigolf by Caf\u00e9 Blomen! Wir laden dich ein, eine unterhaltsame Zeit auf unserer Minigolfanlage zu verbringen. Komm vorbei und genie\u00dfe eine Runde mit deinen Freunden oder der Familie! Spa\u00df f\u00fcr gro\u00df und klein Minigolf by Caf\u00e9 Blomen Beim Minigolf by [&hellip;]<\/p>\n","protected":false},"author":1,"featured_media":0,"parent":0,"menu_order":0,"comment_status":"closed","ping_status":"closed","template":"page-full-width.php","meta":{"footnotes":""},"class_list":["post-7947","page","type-page","status-publish","hentry"],"_links":{"self":[{"href":"https:\/\/cafe-blomen.com\/minigolf\/wp-json\/wp\/v2\/pages\/7947","targetHints":{"allow":["GET"]}}],"collection":[{"href":"https:\/\/cafe-blomen.com\/minigolf\/wp-json\/wp\/v2\/pages"}],"about":[{"href":"https:\/\/cafe-blomen.com\/minigolf\/wp-json\/wp\/v2\/types\/page"}],"author":[{"embeddable":true,"href":"https:\/\/cafe-blomen.com\/minigolf\/wp-json\/wp\/v2\/users\/1"}],"replies":[{"embeddable":true,"href":"https:\/\/cafe-blomen.com\/minigolf\/wp-json\/wp\/v2\/comments?post=7947"}],"version-history":[{"count":18,"href":"https:\/\/cafe-blomen.com\/minigolf\/wp-json\/wp\/v2\/pages\/7947\/revisions"}],"predecessor-version":[{"id":7968,"href":"https:\/\/cafe-blomen.com\/minigolf\/wp-json\/wp\/v2\/pages\/7947\/revisions\/7968"}],"wp:attachment":[{"href":"https:\/\/cafe-blomen.com\/minigolf\/wp-json\/wp\/v2\/media?parent=7947"}],"curies":[{"name":"wp","href":"https:\/\/api.w.org\/{rel}","templated":true}]}}